{"id":121,"date":"2009-11-12T10:37:09","date_gmt":"2009-11-12T09:37:09","guid":{"rendered":"http:\/\/localhost\/wordpress\/?page_id=121"},"modified":"2016-12-12T12:17:39","modified_gmt":"2016-12-12T10:17:39","slug":"about-us","status":"publish","type":"page","link":"https:\/\/www.itersdesktop.com\/vi\/about-us\/","title":{"rendered":"V\u00e0i n\u00e9t v\u1ec1 ch\u00fang t\u00f4i"},"content":{"rendered":"<p>[dropcap]C[\/dropcap]huy\u1ec7n l\u00e0 m\u1ed9t anh b\u1ea1n c\u1ee7a t\u00f4i n\u00f3i v\u1edbi t\u00f4i r\u1eb1ng: &#8220;Anh l\u00e0m tin h\u1ecdc m\u00e0 kh\u00f4ng c\u00f3 m\u1ed9t blog cho ra h\u1ed3n \u0111\u1ec3 chia s\u1ebb nhi\u1ec1u \u0111i\u1ec1u trong cu\u1ed9c s\u1ed1ng. Th\u1eadt l\u00e0 t\u1ec7.&#8221; T\u00f4i b\u1ea3o v\u1edbi anh \u1ea5y l\u00e0 t\u00f4i kh\u00f4ng c\u00f3 nhi\u1ec1u th\u1eddi gian \u0111\u1ec3 ng\u1ed3i &#8220;<em>d\u0103m c\u00e2u ba s\u1ee3i<\/em>&#8221; \u1edf \u0111\u00e2y. Nh\u01b0ng nhi\u1ec1u l\u1ea7n ngh\u0129 l\u1ea1i: c\u00f3 c\u00e1ch n\u00e0o l\u01b0u l\u1ea1i nh\u1eefng m\u1ea1ch suy ngh\u0129 t\u01b0\u1edfng ch\u1eebng \u0111\u01a1n gi\u1ea3n nh\u01b0ng m\u00ecnh hay g\u1eb7p trong cu\u1ed9c s\u1ed1ng c\u0169ng nh\u01b0 c\u00f4ng vi\u1ec7c. Th\u1ebf n\u00ean, l\u00e0m th\u1eed m\u1ed9t c\u00e1i th\u1ebf n\u00e0o. M\u00e0 n\u1ed9i dung t\u00f4i vi\u1ebft l\u00e0 v\u00e0i c\u00e1i v\u1edb v\u1edb v\u1ea9n v\u1ea9n g\u00ec \u0111\u00f3. B\u1ea1n \u0111\u1ecdc \u0111\u1eebng l\u1ea5y \u0111\u00f3 l\u00e0m tr\u00edch d\u1eabn trong nh\u1eefng b\u00e0i vi\u1ebft gi\u00e1 tr\u1ecb c\u1ee7a m\u00ecnh nh\u00e9.<\/p>","protected":false},"excerpt":{"rendered":"<p>[dropcap]C[\/dropcap]huy\u1ec7n l\u00e0 m\u1ed9t anh b\u1ea1n c\u1ee7a t\u00f4i n\u00f3i v\u1edbi t\u00f4i r\u1eb1ng: &#8220;Anh l\u00e0m tin h\u1ecdc m\u00e0 kh\u00f4ng c\u00f3 m\u1ed9t blog cho ra h\u1ed3n \u0111\u1ec3 chia s\u1ebb nhi\u1ec1u \u0111i\u1ec1u trong cu\u1ed9c&hellip; <\/p>\n","protected":false},"author":2,"featured_media":0,"parent":0,"menu_order":0,"comment_status":"closed","ping_status":"closed","template":"template-authors.php","meta":{"footnotes":""},"class_list":["post-121","page","type-page","status-publish","hentry"],"_links":{"self":[{"href":"https:\/\/www.itersdesktop.com\/vi\/wp-json\/wp\/v2\/pages\/121","targetHints":{"allow":["GET"]}}],"collection":[{"href":"https:\/\/www.itersdesktop.com\/vi\/wp-json\/wp\/v2\/pages"}],"about":[{"href":"https:\/\/www.itersdesktop.com\/vi\/wp-json\/wp\/v2\/types\/page"}],"author":[{"embeddable":true,"href":"https:\/\/www.itersdesktop.com\/vi\/wp-json\/wp\/v2\/users\/2"}],"replies":[{"embeddable":true,"href":"https:\/\/www.itersdesktop.com\/vi\/wp-json\/wp\/v2\/comments?post=121"}],"version-history":[{"count":9,"href":"https:\/\/www.itersdesktop.com\/vi\/wp-json\/wp\/v2\/pages\/121\/revisions"}],"predecessor-version":[{"id":2486,"href":"https:\/\/www.itersdesktop.com\/vi\/wp-json\/wp\/v2\/pages\/121\/revisions\/2486"}],"wp:attachment":[{"href":"https:\/\/www.itersdesktop.com\/vi\/wp-json\/wp\/v2\/media?parent=121"}],"curies":[{"name":"wp","href":"https:\/\/api.w.org\/{rel}","templated":true}]}}